{"id":128,"date":"2025-04-03T10:02:15","date_gmt":"2025-04-03T08:02:15","guid":{"rendered":"https:\/\/cometomalaga.com\/about\/"},"modified":"2025-06-09T18:28:53","modified_gmt":"2025-06-09T16:28:53","slug":"about","status":"publish","type":"page","link":"https:\/\/cometomalaga.com\/es\/about\/","title":{"rendered":"Sobre mi"},"content":{"rendered":"<h1>Sobre mi<\/h1>\n<h3>Sobre mi<\/h3>\n<p>Nacida y criada en Barcelona, mi trayectoria profesional abarca m\u00e1s de 20 a\u00f1os como Directora Jur\u00eddica en entidades financieras y de servicios, especializada en <b>gesti\u00f3n de pr\u00e9stamos e inmobiliaria<\/b>.<\/p>\n<p>Hace tres a\u00f1os decid\u00ed dar un giro a mi vida y mudarme a M\u00e1laga, en busca de nuevas prioridades personales y profesionales.<\/p>\n<p>Pasar por mi propio proceso de reubicaci\u00f3n me hizo reflexionar sobre c\u00f3mo mi experiencia en el mundo legal y financiero\u2014donde me enfrentaba a desaf\u00edos complejos y encontraba soluciones creativas y eficaces\u2014me facilit\u00f3 enormemente la compra de mi vivienda y mi adaptaci\u00f3n a una nueva ciudad.<\/p>\n<p>Fue entonces cuando me di cuenta de que pod\u00eda (\u00a1y quer\u00eda!) ayudar a otras personas a hacer lo mismo. Hoy combino mi <b>experiencia legal <\/b>con mi entusiasmo, creatividad y capacidad organizativa para ofrecer un servicio integral a quienes buscan comprar una propiedad o establecerse en una nueva ubicaci\u00f3n.\n\nMi compromiso es claro: ocuparme de cada detalle con la misma dedicaci\u00f3n y rigor como si lo hiciera para m\u00ed misma.<\/p>\n<p>\t\t\t\t\t\t\t\t\t\t\t\t\t\t\t<img fetchpriority=\"high\" decoding=\"async\" width=\"550\" height=\"900\" src=\"https:\/\/cometomalaga.com\/wp-content\/uploads\/2025\/04\/myriam_boada_01.jpg\" alt=\"\" srcset=\"https:\/\/cometomalaga.com\/wp-content\/uploads\/2025\/04\/myriam_boada_01.jpg 550w, https:\/\/cometomalaga.com\/wp-content\/uploads\/2025\/04\/myriam_boada_01-183x300.jpg 183w, https:\/\/cometomalaga.com\/wp-content\/uploads\/2025\/04\/myriam_boada_01-7x12.jpg 7w\" sizes=\"(max-width: 550px) 100vw, 550px\" \/>\t\t\t\t\t\t\t\t\t\t\t\t\t\t\t<\/p>\n<h6>\u00bfQu\u00e9 hace un Personal Shopper Inmobiliario?<\/h6>\n<h3>Introducci\u00f3n a los Servicios de Personal Shopper Inmobiliario<\/h3>\n<p><b>Rol de un Personal Shopper Inmobiliario<\/b><\/p>\n<p>El Personal Shopper Inmobiliario act\u00faa exclusivamente en nombre del comprador, protegiendo sus intereses y simplificando todo el proceso de adquisici\u00f3n de una propiedad, desde la b\u00fasqueda inicial hasta la firma del contrato de compraventa. Adem\u00e1s, puede ofrecer servicios adicionales como asistencia en la reubicaci\u00f3n, gesti\u00f3n de tr\u00e1mites administrativos y asesoramiento postventa, garantizando una experiencia sin complicaciones.<\/p>\n<p><b>Encontrar la mejor opci\u00f3n<\/b><\/p>\n<p>El principal objetivo de un Personal Shopper Inmobiliario es encontrar propiedades que se ajusten a tus necesidades, preferencias y presupuesto. Para ello, realiza una b\u00fasqueda exhaustiva del mercado, analiza las opciones disponibles (tanto en plataformas inmobiliarias como a trav\u00e9s de redes profesionales) y selecciona \u00fanicamente aquellas que mejor se adapten a tus criterios.<\/p>\n<p><b>Asesoramiento experto<\/b><\/p>\n<p>Gracias a su experiencia, el Personal Shopper Inmobiliario ofrece una gu\u00eda experta en cada etapa del <b>proceso de compra:<\/b>:<\/p>\n<p><img decoding=\"async\" src=\"https:\/\/cometomalaga.com\/wp-content\/uploads\/2025\/04\/check-mark.png\" alt=\"\" width=\"24\" height=\"24\" \/>\u00a0Ayudarte a evaluar el <b>valor real<\/b> de la propiedad<br \/><img decoding=\"async\" src=\"https:\/\/cometomalaga.com\/wp-content\/uploads\/2025\/04\/check-mark.png\" alt=\"\" width=\"24\" height=\"24\" \/> Identificar posibles <b>riesgos legales o estructurales<\/b><br \/><img decoding=\"async\" src=\"https:\/\/cometomalaga.com\/wp-content\/uploads\/2025\/04\/check-mark.png\" alt=\"\" width=\"24\" height=\"24\" \/> <b>Negociar las mejores condiciones<\/b><br \/><img decoding=\"async\" src=\"https:\/\/cometomalaga.com\/wp-content\/uploads\/2025\/04\/check-mark.png\" alt=\"\" width=\"24\" height=\"24\" \/> Asegurarse de que tomes <b>decisiones bien informadas<\/b><\/p>\n<p>Adem\u00e1s, coordino con <b>abogados, notarios, bancos y asesores<\/b> para ofrecer <b>un servicio totalmente integrado<\/b>, garantizando una <strong>compra segura y eficiente.<\/strong><\/p>\n<h3>Benefits of Hiring a<br \/>\nReal Estate Personal<br \/>\nShopper<\/h3>\n<p>\t\t\t\t\t\t\t\t\t\t\t\t\t\t\t<img decoding=\"async\" width=\"633\" height=\"845\" src=\"https:\/\/cometomalaga.com\/wp-content\/uploads\/2025\/04\/pareja_feliz.png\" alt=\"\" srcset=\"https:\/\/cometomalaga.com\/wp-content\/uploads\/2025\/04\/pareja_feliz.png 633w, https:\/\/cometomalaga.com\/wp-content\/uploads\/2025\/04\/pareja_feliz-225x300.png 225w, https:\/\/cometomalaga.com\/wp-content\/uploads\/2025\/04\/pareja_feliz-9x12.png 9w\" sizes=\"(max-width: 633px) 100vw, 633px\" \/>\t\t\t\t\t\t\t\t\t\t\t\t\t\t\t<\/p>\n<p><strong>Ahorro de Tiempo<\/strong><\/p>\n<p>Para compradores internacionales, viajar a M\u00e1laga para buscar propiedades puede ser complicado y costoso. Me encargo de la b\u00fasqueda, filtrado y verificaci\u00f3n, asegur\u00e1ndome de que solo consideres propiedades que realmente cumplan con tus expectativas.<\/p>\n<p><strong>Acceso a Propiedades Exclusivas<\/strong><\/p>\n<p>Algunas de las mejores propiedades nunca se anuncian p\u00fablicamente y se venden antes de ser listadas. Como experta local, accedo a oportunidades exclusivas que no est\u00e1n disponibles para el p\u00fablico general, d\u00e1ndote una ventaja competitiva.<\/p>\n<p><strong>Experiencia en Negociaci\u00f3n<\/strong><\/p>\n<p>Las diferencias culturales e idiom\u00e1ticas pueden dificultar la negociaci\u00f3n de una propiedad en Espa\u00f1a. Con mi conocimiento del mercado inmobiliario de M\u00e1laga, represento tus intereses, negocio las mejores condiciones y me aseguro de que obtengas el mejor precio posible, evitando pagos innecesarios.<\/p>\n<p><strong>Experiencia Personalizada<\/strong><\/p>\n<p>Cada comprador tiene necesidades \u00fanicas, especialmente cuando compra desde el extranjero. Personalizo mis servicios seg\u00fan tus preferencias y prioridades, desde visitas virtuales hasta la gesti\u00f3n de toda la documentaci\u00f3n legal y financiera, asegurando un proceso fluido, seguro y sin estr\u00e9s.<\/p>\n<h3>How is a Real Estate Personal<br \/>\nShopper Different from a<br \/>\nTraditional Real Estate<br \/>\nAgent?<\/h3>\n<p><strong>Representaci\u00f3n Exclusiva: 100% a Tu Lado<\/strong><\/p>\n<p>Unlike traditional real estate agents who work for the seller, I only represent you, the buyer. I don\u2019t sell properties\u2014I find YOUR perfect property.<\/p>\n<p><strong>Tus Intereses Primero<\/strong><\/p>\n<p>Every decision and strategy is aligned only with your goals. There are no conflicts of interest or pressure to close deals that don&#8217;t benefit you.<\/p>\n<p><strong>Un Servicio Totalmente Personalizado<\/strong><\/p>\n<p>No two buyers are alike, which is why my service is tailored to your unique needs. Whether you&#8217;re looking for a profitable investment, a beachfront second home, or the perfect family residence, I act as your eyes and trusted partner in M\u00e1laga, taking care of everything so you can enjoy the journey.<\/p>\n<h2>Es la hora!<\/h2>\n<p>\u00bfA qu\u00e9 est\u00e1s esperando? Cont\u00e1ctame hoy y descubre c\u00f3mo puedo convertir la b\u00fasqueda de tu propiedad en una experiencia <b>relajada, segura y exitosa<\/b>La propiedad de tus sue\u00f1os te est\u00e1 esperando y yo estoy aqu\u00ed para ayudarte a encontrarla!<\/p>\n<p>\t\t\t\t\t<a href=\"https:\/\/cometomalaga.com\/es\/contact\/\"><br \/>\n\t\t\t\t\t\t\t\t\tContacta<br \/>\n\t\t\t\t\t<\/a><\/p>","protected":false},"excerpt":{"rendered":"<p>About Me About me Born and raised in Barcelona, my professional career spans over 20 years as a Legal Director in financial and service entities, specializing in loan and real estate management. Three years ago, I decided to change my life and move to M\u00e1laga, pursuing new personal and professional priorities. Going through my own [&hellip;]<\/p>\n","protected":false},"author":1,"featured_media":0,"parent":0,"menu_order":0,"comment_status":"closed","ping_status":"closed","template":"elementor_theme","meta":{"site-sidebar-layout":"default","site-content-layout":"page-builder","ast-site-content-layout":"full-width-container","site-content-style":"unboxed","site-sidebar-style":"unboxed","ast-global-header-display":"","ast-banner-title-visibility":"","ast-main-header-display":"","ast-hfb-above-header-display":"","ast-hfb-below-header-display":"","ast-hfb-mobile-header-display":"","site-post-title":"disabled","ast-breadcrumbs-content":"","ast-featured-img":"disabled","footer-sml-layout":"","theme-transparent-header-meta":"enabled","adv-header-id-meta":"","stick-header-meta":"","header-above-stick-meta":"","header-main-stick-meta":"","header-below-stick-meta":"","astra-migrate-meta-layouts":"set","ast-page-background-enabled":"default","ast-page-background-meta":{"desktop":{"background-color":"","background-image":"","background-repeat":"repeat","background-position":"center center","background-size":"auto","background-attachment":"scroll","background-type":"","background-media":"","overlay-type":"","overlay-color":"","overlay-opacity":"","overlay-gradient":""},"tablet":{"background-color":"","background-image":"","background-repeat":"repeat","background-position":"center center","background-size":"auto","background-attachment":"scroll","background-type":"","background-media":"","overlay-type":"","overlay-color":"","overlay-opacity":"","overlay-gradient":""},"mobile":{"background-color":"","background-image":"","background-repeat":"repeat","background-position":"center center","background-size":"auto","background-attachment":"scroll","background-type":"","background-media":"","overlay-type":"","overlay-color":"","overlay-opacity":"","overlay-gradient":""}},"ast-content-background-meta":{"desktop":{"background-color":"var(--ast-global-color-5)","background-image":"","background-repeat":"repeat","background-position":"center center","background-size":"auto","background-attachment":"scroll","background-type":"","background-media":"","overlay-type":"","overlay-color":"","overlay-opacity":"","overlay-gradient":""},"tablet":{"background-color":"var(--ast-global-color-5)","background-image":"","background-repeat":"repeat","background-position":"center center","background-size":"auto","background-attachment":"scroll","background-type":"","background-media":"","overlay-type":"","overlay-color":"","overlay-opacity":"","overlay-gradient":""},"mobile":{"background-color":"var(--ast-global-color-5)","background-image":"","background-repeat":"repeat","background-position":"center center","background-size":"auto","background-attachment":"scroll","background-type":"","background-media":"","overlay-type":"","overlay-color":"","overlay-opacity":"","overlay-gradient":""}},"footnotes":""},"class_list":["post-128","page","type-page","status-publish","hentry"],"_links":{"self":[{"href":"https:\/\/cometomalaga.com\/es\/wp-json\/wp\/v2\/pages\/128","targetHints":{"allow":["GET"]}}],"collection":[{"href":"https:\/\/cometomalaga.com\/es\/wp-json\/wp\/v2\/pages"}],"about":[{"href":"https:\/\/cometomalaga.com\/es\/wp-json\/wp\/v2\/types\/page"}],"author":[{"embeddable":true,"href":"https:\/\/cometomalaga.com\/es\/wp-json\/wp\/v2\/users\/1"}],"replies":[{"embeddable":true,"href":"https:\/\/cometomalaga.com\/es\/wp-json\/wp\/v2\/comments?post=128"}],"version-history":[{"count":40,"href":"https:\/\/cometomalaga.com\/es\/wp-json\/wp\/v2\/pages\/128\/revisions"}],"predecessor-version":[{"id":1730,"href":"https:\/\/cometomalaga.com\/es\/wp-json\/wp\/v2\/pages\/128\/revisions\/1730"}],"wp:attachment":[{"href":"https:\/\/cometomalaga.com\/es\/wp-json\/wp\/v2\/media?parent=128"}],"curies":[{"name":"wp","href":"https:\/\/api.w.org\/{rel}","templated":true}]}}