{"id":1345,"date":"2025-04-14T11:50:22","date_gmt":"2025-04-14T09:50:22","guid":{"rendered":"https:\/\/cometomalaga.com\/?page_id=1345"},"modified":"2025-04-30T10:04:33","modified_gmt":"2025-04-30T08:04:33","slug":"terms-of-service","status":"publish","type":"page","link":"https:\/\/cometomalaga.com\/es\/terms-of-service\/","title":{"rendered":"T\u00e9rminos y Condiciones de Uso"},"content":{"rendered":"<div data-elementor-type=\"wp-post\" data-elementor-id=\"1345\" class=\"elementor elementor-1345\">\n\t\t\t\t<div class=\"elementor-element elementor-element-1337320 e-flex e-con-boxed e-con e-parent\" data-id=\"1337320\" data-element_type=\"container\" data-e-type=\"container\" data-settings=\"{&quot;background_background&quot;:&quot;classic&quot;}\">\n\t\t\t\t\t<div class=\"e-con-inner\">\n\t\t<div class=\"elementor-element elementor-element-8c47842 e-con-full e-flex e-con e-child\" data-id=\"8c47842\" data-element_type=\"container\" data-e-type=\"container\">\n\t\t\t\t<div class=\"elementor-element elementor-element-6020073 elementor-widget elementor-widget-heading\" data-id=\"6020073\" data-element_type=\"widget\" data-e-type=\"widget\" data-widget_type=\"heading.default\">\n\t\t\t\t<div class=\"elementor-widget-container\">\n\t\t\t\t\t<h1 class=\"elementor-heading-title elementor-size-default\">T\u00e9rminos y Condiciones de Uso<\/h1>\t\t\t\t<\/div>\n\t\t\t\t<\/div>\n\t\t\t\t<\/div>\n\t\t\t\t\t<\/div>\n\t\t\t\t<\/div>\n\t\t<div class=\"elementor-element elementor-element-d6ed0c3 e-flex e-con-boxed e-con e-parent\" data-id=\"d6ed0c3\" data-element_type=\"container\" data-e-type=\"container\" data-settings=\"{&quot;background_background&quot;:&quot;classic&quot;}\">\n\t\t\t\t\t<div class=\"e-con-inner\">\n\t\t<div class=\"elementor-element elementor-element-a914404 e-con-full e-flex e-con e-child\" data-id=\"a914404\" data-element_type=\"container\" data-e-type=\"container\">\n\t\t\t\t<div class=\"elementor-element elementor-element-c96c18c elementor-widget elementor-widget-text-editor\" data-id=\"c96c18c\" data-element_type=\"widget\" data-e-type=\"widget\" data-widget_type=\"text-editor.default\">\n\t\t\t\t<div class=\"elementor-widget-container\">\n\t\t\t\t\t\t\t\t\t<p><b>\u00daltima actualizaci\u00f3n: Abril 2025<\/b><\/p><p>Al utilizar este sitio web y nuestros servicios, aceptas los siguientes t\u00e9rminos y condiciones:<\/p><ol><li><b> Condiciones Generales<\/b><\/li><\/ol><ul><li>AIMAL - Assets in M\u00e1laga proporciona servicios de asesoramiento inmobiliario y b\u00fasqueda de propiedades.<\/li><li>La informaci\u00f3n contenida en este sitio web es de car\u00e1cter general y no debe considerarse asesoramiento legal o financiero.<\/li><li>Nos reservamos el derecho de modificar estos t\u00e9rminos en cualquier momento.<\/li><\/ul><ol start=\"2\"><li><b> Uso de los Servicios<\/b><\/li><\/ol><ul><li>Los clientes deben proporcionar informaci\u00f3n precisa al utilizar nuestros servicios.<\/li><li>No nos hacemos responsables de las acciones de terceros, incluidos vendedores, arrendadores o proveedores de servicios.<\/li><li>Cualquier negociaci\u00f3n o transacci\u00f3n inmobiliaria es responsabilidad exclusiva del comprador y del vendedor.<\/li><\/ul><ol start=\"3\"><li><b> Propiedad Intelectual<\/b><\/li><\/ol><ul><li>Todo el contenido del sitio web es propiedad de Miriam Boada Hern\u00e1ndez.<\/li><li>No est\u00e1 permitido copiar, modificar o distribuir nuestros materiales sin autorizaci\u00f3n escrita.<\/li><\/ul><ol start=\"4\"><li><b> Limitaci\u00f3n de Responsabilidad<\/b><\/li><\/ol><ul><li>No garantizamos la disponibilidad o exactitud de los anuncios de propiedades.<\/li><li>Miriam Boada Hern\u00e1ndez no ser\u00e1 responsable de ning\u00fan da\u00f1o directo o indirecto relacionado con transacciones inmobiliarias.<\/li><\/ul><ol start=\"5\"><li><b> Legislaci\u00f3n Aplicable y Jurisdicci\u00f3n<\/b><\/li><\/ol><ul><li>Estos t\u00e9rminos se rigen por la legislaci\u00f3n espa\u00f1ola, y cualquier disputa se someter\u00e1 a la jurisdicci\u00f3n de los tribunales de M\u00e1laga.<\/li><li>Para cualquier consulta, cont\u00e1ctanos en mb@cometomalaga.com<\/li><\/ul>\t\t\t\t\t\t\t\t<\/div>\n\t\t\t\t<\/div>\n\t\t\t\t<\/div>\n\t\t\t\t\t<\/div>\n\t\t\t\t<\/div>\n\t\t\t\t<\/div>","protected":false},"excerpt":{"rendered":"<p>Terms of service Last Updated: April 2025 By using this website and our services, you agree to the following Terms of Service: General Terms AIMAL &#8211; Assets in M\u00e1laga provides real estate advisory and property search services. Information on this website is for general guidance and should not be considered legal or financial advice. We [&hellip;]<\/p>\n","protected":false},"author":1,"featured_media":0,"parent":0,"menu_order":0,"comment_status":"closed","ping_status":"closed","template":"elementor_theme","meta":{"site-sidebar-layout":"default","site-content-layout":"page-builder","ast-site-content-layout":"full-width-container","site-content-style":"unboxed","site-sidebar-style":"unboxed","ast-global-header-display":"","ast-banner-title-visibility":"","ast-main-header-display":"","ast-hfb-above-header-display":"","ast-hfb-below-header-display":"","ast-hfb-mobile-header-display":"","site-post-title":"disabled","ast-breadcrumbs-content":"","ast-featured-img":"disabled","footer-sml-layout":"","theme-transparent-header-meta":"enabled","adv-header-id-meta":"","stick-header-meta":"","header-above-stick-meta":"","header-main-stick-meta":"","header-below-stick-meta":"","astra-migrate-meta-layouts":"set","ast-page-background-enabled":"default","ast-page-background-meta":{"desktop":{"background-color":"","background-image":"","background-repeat":"repeat","background-position":"center center","background-size":"auto","background-attachment":"scroll","background-type":"","background-media":"","overlay-type":"","overlay-color":"","overlay-opacity":"","overlay-gradient":""},"tablet":{"background-color":"","background-image":"","background-repeat":"repeat","background-position":"center center","background-size":"auto","background-attachment":"scroll","background-type":"","background-media":"","overlay-type":"","overlay-color":"","overlay-opacity":"","overlay-gradient":""},"mobile":{"background-color":"","background-image":"","background-repeat":"repeat","background-position":"center center","background-size":"auto","background-attachment":"scroll","background-type":"","background-media":"","overlay-type":"","overlay-color":"","overlay-opacity":"","overlay-gradient":""}},"ast-content-background-meta":{"desktop":{"background-color":"var(--ast-global-color-5)","background-image":"","background-repeat":"repeat","background-position":"center center","background-size":"auto","background-attachment":"scroll","background-type":"","background-media":"","overlay-type":"","overlay-color":"","overlay-opacity":"","overlay-gradient":""},"tablet":{"background-color":"var(--ast-global-color-5)","background-image":"","background-repeat":"repeat","background-position":"center center","background-size":"auto","background-attachment":"scroll","background-type":"","background-media":"","overlay-type":"","overlay-color":"","overlay-opacity":"","overlay-gradient":""},"mobile":{"background-color":"var(--ast-global-color-5)","background-image":"","background-repeat":"repeat","background-position":"center center","background-size":"auto","background-attachment":"scroll","background-type":"","background-media":"","overlay-type":"","overlay-color":"","overlay-opacity":"","overlay-gradient":""}},"footnotes":""},"class_list":["post-1345","page","type-page","status-publish","hentry"],"_links":{"self":[{"href":"https:\/\/cometomalaga.com\/es\/wp-json\/wp\/v2\/pages\/1345","targetHints":{"allow":["GET"]}}],"collection":[{"href":"https:\/\/cometomalaga.com\/es\/wp-json\/wp\/v2\/pages"}],"about":[{"href":"https:\/\/cometomalaga.com\/es\/wp-json\/wp\/v2\/types\/page"}],"author":[{"embeddable":true,"href":"https:\/\/cometomalaga.com\/es\/wp-json\/wp\/v2\/users\/1"}],"replies":[{"embeddable":true,"href":"https:\/\/cometomalaga.com\/es\/wp-json\/wp\/v2\/comments?post=1345"}],"version-history":[{"count":16,"href":"https:\/\/cometomalaga.com\/es\/wp-json\/wp\/v2\/pages\/1345\/revisions"}],"predecessor-version":[{"id":1468,"href":"https:\/\/cometomalaga.com\/es\/wp-json\/wp\/v2\/pages\/1345\/revisions\/1468"}],"wp:attachment":[{"href":"https:\/\/cometomalaga.com\/es\/wp-json\/wp\/v2\/media?parent=1345"}],"curies":[{"name":"wp","href":"https:\/\/api.w.org\/{rel}","templated":true}]}}