{"id":1375,"date":"2025-04-14T12:48:20","date_gmt":"2025-04-14T10:48:20","guid":{"rendered":"https:\/\/cometomalaga.com\/?page_id=1375"},"modified":"2025-04-14T12:53:45","modified_gmt":"2025-04-14T10:53:45","slug":"legal-finance-counsel","status":"publish","type":"page","link":"https:\/\/cometomalaga.com\/es\/legal-finance-counsel\/","title":{"rendered":"Legal &amp; Finance Counsel"},"content":{"rendered":"<div data-elementor-type=\"wp-post\" data-elementor-id=\"1375\" class=\"elementor elementor-1375\">\n\t\t\t\t<div class=\"elementor-element elementor-element-1337320 e-flex e-con-boxed e-con e-parent\" data-id=\"1337320\" data-element_type=\"container\" data-e-type=\"container\" data-settings=\"{&quot;background_background&quot;:&quot;classic&quot;}\">\n\t\t\t\t\t<div class=\"e-con-inner\">\n\t\t<div class=\"elementor-element elementor-element-8c47842 e-con-full e-flex e-con e-child\" data-id=\"8c47842\" data-element_type=\"container\" data-e-type=\"container\">\n\t\t\t\t<div class=\"elementor-element elementor-element-6020073 elementor-widget elementor-widget-heading\" data-id=\"6020073\" data-element_type=\"widget\" data-e-type=\"widget\" data-widget_type=\"heading.default\">\n\t\t\t\t<div class=\"elementor-widget-container\">\n\t\t\t\t\t<h1 class=\"elementor-heading-title elementor-size-default\">Legal &amp; Finance Counsel<\/h1>\t\t\t\t<\/div>\n\t\t\t\t<\/div>\n\t\t\t\t<\/div>\n\t\t\t\t\t<\/div>\n\t\t\t\t<\/div>\n\t\t<div class=\"elementor-element elementor-element-9219450 e-flex e-con-boxed e-con e-parent\" data-id=\"9219450\" data-element_type=\"container\" data-e-type=\"container\" data-settings=\"{&quot;background_background&quot;:&quot;classic&quot;}\">\n\t\t\t\t\t<div class=\"e-con-inner\">\n\t\t<div class=\"elementor-element elementor-element-8cfc6d3 e-con-full e-flex e-con e-child\" data-id=\"8cfc6d3\" data-element_type=\"container\" data-e-type=\"container\">\n\t\t\t\t<div class=\"elementor-element elementor-element-0578643 elementor-widget elementor-widget-heading\" data-id=\"0578643\" data-element_type=\"widget\" data-e-type=\"widget\" data-widget_type=\"heading.default\">\n\t\t\t\t<div class=\"elementor-widget-container\">\n\t\t\t\t\t<h3 class=\"elementor-heading-title elementor-size-default\">Legal &amp; Finance Counsel<\/h3>\t\t\t\t<\/div>\n\t\t\t\t<\/div>\n\t\t\t\t<div class=\"elementor-element elementor-element-0132931 elementor-widget elementor-widget-image\" data-id=\"0132931\" data-element_type=\"widget\" data-e-type=\"widget\" data-widget_type=\"image.default\">\n\t\t\t\t<div class=\"elementor-widget-container\">\n\t\t\t\t\t\t\t\t\t\t\t\t\t\t\t<img fetchpriority=\"high\" decoding=\"async\" width=\"464\" height=\"562\" src=\"https:\/\/cometomalaga.com\/wp-content\/uploads\/2025\/04\/Imagen2-1.jpg\" class=\"attachment-large size-large wp-image-1392\" alt=\"\" srcset=\"https:\/\/cometomalaga.com\/wp-content\/uploads\/2025\/04\/Imagen2-1.jpg 464w, https:\/\/cometomalaga.com\/wp-content\/uploads\/2025\/04\/Imagen2-1-248x300.jpg 248w, https:\/\/cometomalaga.com\/wp-content\/uploads\/2025\/04\/Imagen2-1-10x12.jpg 10w\" sizes=\"(max-width: 464px) 100vw, 464px\" \/>\t\t\t\t\t\t\t\t\t\t\t\t\t\t\t<\/div>\n\t\t\t\t<\/div>\n\t\t\t\t<\/div>\n\t\t<div class=\"elementor-element elementor-element-1a6bba3 e-con-full e-flex e-con e-child\" data-id=\"1a6bba3\" data-element_type=\"container\" data-e-type=\"container\">\n\t\t\t\t<div class=\"elementor-element elementor-element-e90223e elementor-widget elementor-widget-text-editor\" data-id=\"e90223e\" data-element_type=\"widget\" data-e-type=\"widget\" data-widget_type=\"text-editor.default\">\n\t\t\t\t<div class=\"elementor-widget-container\">\n\t\t\t\t\t\t\t\t\t<p><b>Seguridad legal durante todo el proceso de compra<\/b><\/p><p>Comprar una propiedad en un pa\u00eds extranjero puede plantear muchas preguntas sobre procedimientos, impuestos y requisitos legales. Aqu\u00ed es donde marco la diferencia: como abogada, me encargo personalmente de todos los aspectos legales, asegurando que la transacci\u00f3n sea 100% segura y libre de sorpresas.<\/p><p><b>Revisi\u00f3n y verificaci\u00f3n de documentos<\/b><\/p><p>Antes de dar ning\u00fan paso, analizo a fondo toda la documentaci\u00f3n de la propiedad para asegurarme de que todo est\u00e9 en orden. Explico todos los detalles legales de forma clara y sencilla, evitando jerga complicada, y me aseguro de que el contrato de compraventa sea justo y equilibrado, sin cl\u00e1usulas abusivas ni condiciones desfavorables.<\/p><p><b>Firma de documentos en tu nombre, si es necesario<\/b><\/p><p>Si no puedes viajar a M\u00e1laga, puedo representarte legalmente mediante un poder notarial, encarg\u00e1ndome del proceso de firma en tu nombre y asegur\u00e1ndome de que todo se lleve a cabo correctamente.<\/p><p><b>An\u00e1lisis fiscal y financiaci\u00f3n (en colaboraci\u00f3n con asesores fiscales y expertos financieros)<\/b><\/p><p>Trabajo con expertos fiscales internacionales para asegurarme de que solo pagues lo necesario, evitando costes adicionales innecesarios.<\/p><p>\ud83d\udcb0 <b>Opciones de financiaci\u00f3n adaptadas a ti:<\/b> Si necesitas una hipoteca en Espa\u00f1a, te pongo en contacto con los principales bancos y negocio las condiciones m\u00e1s favorables.<\/p><p>\ud83c\udfe1 <b>Asesoramiento hipotecario para no residentes:<\/b> Asesoramiento sobre los requisitos bancarios, tasas de inter\u00e9s y condiciones de financiaci\u00f3n para compradores extranjeros.<\/p>\t\t\t\t\t\t\t\t<\/div>\n\t\t\t\t<\/div>\n\t\t\t\t<\/div>\n\t\t\t\t\t<\/div>\n\t\t\t\t<\/div>\n\t\t\t\t<\/div>","protected":false},"excerpt":{"rendered":"<p>Legal &#038; Finance Counsel Legal &#038; Finance Counsel Legal Security Throughout the Buying Process Buying a property in a foreign country can raise many questions about procedures, taxes, and legal requirements. This is where I make a difference: as a lawyer, I personally handle all legal aspects, ensuring the transaction is 100% secure and free [&hellip;]<\/p>\n","protected":false},"author":1,"featured_media":0,"parent":0,"menu_order":0,"comment_status":"closed","ping_status":"closed","template":"elementor_theme","meta":{"site-sidebar-layout":"default","site-content-layout":"page-builder","ast-site-content-layout":"full-width-container","site-content-style":"unboxed","site-sidebar-style":"unboxed","ast-global-header-display":"","ast-banner-title-visibility":"","ast-main-header-display":"","ast-hfb-above-header-display":"","ast-hfb-below-header-display":"","ast-hfb-mobile-header-display":"","site-post-title":"disabled","ast-breadcrumbs-content":"","ast-featured-img":"disabled","footer-sml-layout":"","theme-transparent-header-meta":"enabled","adv-header-id-meta":"","stick-header-meta":"","header-above-stick-meta":"","header-main-stick-meta":"","header-below-stick-meta":"","astra-migrate-meta-layouts":"set","ast-page-background-enabled":"default","ast-page-background-meta":{"desktop":{"background-color":"","background-image":"","background-repeat":"repeat","background-position":"center center","background-size":"auto","background-attachment":"scroll","background-type":"","background-media":"","overlay-type":"","overlay-color":"","overlay-opacity":"","overlay-gradient":""},"tablet":{"background-color":"","background-image":"","background-repeat":"repeat","background-position":"center center","background-size":"auto","background-attachment":"scroll","background-type":"","background-media":"","overlay-type":"","overlay-color":"","overlay-opacity":"","overlay-gradient":""},"mobile":{"background-color":"","background-image":"","background-repeat":"repeat","background-position":"center center","background-size":"auto","background-attachment":"scroll","background-type":"","background-media":"","overlay-type":"","overlay-color":"","overlay-opacity":"","overlay-gradient":""}},"ast-content-background-meta":{"desktop":{"background-color":"var(--ast-global-color-5)","background-image":"","background-repeat":"repeat","background-position":"center center","background-size":"auto","background-attachment":"scroll","background-type":"","background-media":"","overlay-type":"","overlay-color":"","overlay-opacity":"","overlay-gradient":""},"tablet":{"background-color":"var(--ast-global-color-5)","background-image":"","background-repeat":"repeat","background-position":"center center","background-size":"auto","background-attachment":"scroll","background-type":"","background-media":"","overlay-type":"","overlay-color":"","overlay-opacity":"","overlay-gradient":""},"mobile":{"background-color":"var(--ast-global-color-5)","background-image":"","background-repeat":"repeat","background-position":"center center","background-size":"auto","background-attachment":"scroll","background-type":"","background-media":"","overlay-type":"","overlay-color":"","overlay-opacity":"","overlay-gradient":""}},"footnotes":""},"class_list":["post-1375","page","type-page","status-publish","hentry"],"_links":{"self":[{"href":"https:\/\/cometomalaga.com\/es\/wp-json\/wp\/v2\/pages\/1375","targetHints":{"allow":["GET"]}}],"collection":[{"href":"https:\/\/cometomalaga.com\/es\/wp-json\/wp\/v2\/pages"}],"about":[{"href":"https:\/\/cometomalaga.com\/es\/wp-json\/wp\/v2\/types\/page"}],"author":[{"embeddable":true,"href":"https:\/\/cometomalaga.com\/es\/wp-json\/wp\/v2\/users\/1"}],"replies":[{"embeddable":true,"href":"https:\/\/cometomalaga.com\/es\/wp-json\/wp\/v2\/comments?post=1375"}],"version-history":[{"count":7,"href":"https:\/\/cometomalaga.com\/es\/wp-json\/wp\/v2\/pages\/1375\/revisions"}],"predecessor-version":[{"id":1395,"href":"https:\/\/cometomalaga.com\/es\/wp-json\/wp\/v2\/pages\/1375\/revisions\/1395"}],"wp:attachment":[{"href":"https:\/\/cometomalaga.com\/es\/wp-json\/wp\/v2\/media?parent=1375"}],"curies":[{"name":"wp","href":"https:\/\/api.w.org\/{rel}","templated":true}]}}