{"id":1383,"date":"2025-04-14T12:50:14","date_gmt":"2025-04-14T10:50:14","guid":{"rendered":"https:\/\/cometomalaga.com\/?page_id=1383"},"modified":"2025-04-14T12:51:56","modified_gmt":"2025-04-14T10:51:56","slug":"post-sale-support-additional-services","status":"publish","type":"page","link":"https:\/\/cometomalaga.com\/es\/post-sale-support-additional-services\/","title":{"rendered":"Post-sale support &amp; additional services"},"content":{"rendered":"<div data-elementor-type=\"wp-post\" data-elementor-id=\"1383\" class=\"elementor elementor-1383\">\n\t\t\t\t<div class=\"elementor-element elementor-element-1337320 e-flex e-con-boxed e-con e-parent\" data-id=\"1337320\" data-element_type=\"container\" data-e-type=\"container\" data-settings=\"{&quot;background_background&quot;:&quot;classic&quot;}\">\n\t\t\t\t\t<div class=\"e-con-inner\">\n\t\t<div class=\"elementor-element elementor-element-8c47842 e-con-full e-flex e-con e-child\" data-id=\"8c47842\" data-element_type=\"container\" data-e-type=\"container\">\n\t\t\t\t<div class=\"elementor-element elementor-element-6020073 elementor-widget elementor-widget-heading\" data-id=\"6020073\" data-element_type=\"widget\" data-e-type=\"widget\" data-widget_type=\"heading.default\">\n\t\t\t\t<div class=\"elementor-widget-container\">\n\t\t\t\t\t<h1 class=\"elementor-heading-title elementor-size-default\">Post-sale support &amp; additional services<\/h1>\t\t\t\t<\/div>\n\t\t\t\t<\/div>\n\t\t\t\t<\/div>\n\t\t\t\t\t<\/div>\n\t\t\t\t<\/div>\n\t\t<div class=\"elementor-element elementor-element-9219450 e-flex e-con-boxed e-con e-parent\" data-id=\"9219450\" data-element_type=\"container\" data-e-type=\"container\" data-settings=\"{&quot;background_background&quot;:&quot;classic&quot;}\">\n\t\t\t\t\t<div class=\"e-con-inner\">\n\t\t<div class=\"elementor-element elementor-element-8cfc6d3 e-con-full e-flex e-con e-child\" data-id=\"8cfc6d3\" data-element_type=\"container\" data-e-type=\"container\">\n\t\t\t\t<div class=\"elementor-element elementor-element-0578643 elementor-widget elementor-widget-heading\" data-id=\"0578643\" data-element_type=\"widget\" data-e-type=\"widget\" data-widget_type=\"heading.default\">\n\t\t\t\t<div class=\"elementor-widget-container\">\n\t\t\t\t\t<h3 class=\"elementor-heading-title elementor-size-default\">Post-sale support &amp; additional services<\/h3>\t\t\t\t<\/div>\n\t\t\t\t<\/div>\n\t\t\t\t<div class=\"elementor-element elementor-element-0132931 elementor-widget elementor-widget-image\" data-id=\"0132931\" data-element_type=\"widget\" data-e-type=\"widget\" data-widget_type=\"image.default\">\n\t\t\t\t<div class=\"elementor-widget-container\">\n\t\t\t\t\t\t\t\t\t\t\t\t\t\t\t<img fetchpriority=\"high\" decoding=\"async\" width=\"1366\" height=\"768\" src=\"https:\/\/cometomalaga.com\/wp-content\/uploads\/2025\/04\/Personal-Shopper-1.png\" class=\"attachment-full size-full wp-image-1385\" alt=\"\" srcset=\"https:\/\/cometomalaga.com\/wp-content\/uploads\/2025\/04\/Personal-Shopper-1.png 1366w, https:\/\/cometomalaga.com\/wp-content\/uploads\/2025\/04\/Personal-Shopper-1-300x169.png 300w, https:\/\/cometomalaga.com\/wp-content\/uploads\/2025\/04\/Personal-Shopper-1-1024x576.png 1024w, https:\/\/cometomalaga.com\/wp-content\/uploads\/2025\/04\/Personal-Shopper-1-768x432.png 768w, https:\/\/cometomalaga.com\/wp-content\/uploads\/2025\/04\/Personal-Shopper-1-18x10.png 18w\" sizes=\"(max-width: 1366px) 100vw, 1366px\" \/>\t\t\t\t\t\t\t\t\t\t\t\t\t\t\t<\/div>\n\t\t\t\t<\/div>\n\t\t\t\t<\/div>\n\t\t<div class=\"elementor-element elementor-element-1a6bba3 e-con-full e-flex e-con e-child\" data-id=\"1a6bba3\" data-element_type=\"container\" data-e-type=\"container\">\n\t\t\t\t<div class=\"elementor-element elementor-element-e90223e elementor-widget elementor-widget-text-editor\" data-id=\"e90223e\" data-element_type=\"widget\" data-e-type=\"widget\" data-widget_type=\"text-editor.default\">\n\t\t\t\t<div class=\"elementor-widget-container\">\n\t\t\t\t\t\t\t\t\t<p><b>M\u00e1s all\u00e1 de la compra: soporte post-venta sin complicaciones.<\/b><\/p><p>Comprar una propiedad es solo el primer paso. Despu\u00e9s de la firma, comienzan otras tareas importantes, y seguir\u00e9 a tu lado para hacer que todo sea f\u00e1cil y libre de estr\u00e9s.<\/p><p><b>Tr\u00e1mites Administrativos Iniciales y Configuraci\u00f3n:<\/b><\/p><p>\u2705 Traspaso de contratos de servicios (agua, electricidad, gas, internet, etc.).<\/p><p>\u2705 Registro para impuestos locales y tasas municipales.<\/p><p>\u2705 Apertura de cuenta bancaria en Espa\u00f1a, si es necesario, y configuraci\u00f3n de pagos por domiciliaci\u00f3n bancaria.<\/p><p>\u2705 Asistencia con el seguro del hogar.<\/p><p><b>Personalization &amp; Enhancements for Your New Home<\/b><\/p><p>\ud83c\udfe0 <b>Renovaciones y Mejoras:<\/b> Si tu nueva propiedad necesita alg\u00fan ajuste, te pondr\u00e9 en contacto con arquitectos, dise\u00f1adores de interiores y empresas de renovaci\u00f3n de confianza para garantizar un trabajo de calidad dentro del presupuesto.<\/p><p>\ud83d\udecb <b>Amueblado y Decoraci\u00f3n:<\/b> Ya sea una renovaci\u00f3n completa o peque\u00f1os toques decorativos, puedo ayudarte a encontrar proveedores y coordinar entregas.<\/p><p>\ud83c\udf3f <b>Jardiner\u00eda y Mantenimiento:<\/b> Si tu propiedad incluye espacios exteriores, puedo ayudarte a contratar jardineros y servicios de mantenimiento.<\/p><p><b>Servicios de Mudanza y Gesti\u00f3n de Propiedades:<\/b><\/p><p>\ud83d\udce6 <b>Asistencia en Mudanzas:<\/b> Te pondr\u00e9 en contacto con empresas de mudanzas nacionales e internacionales confiables para garantizar una transici\u00f3n suave de tus pertenencias.<\/p><p>\ud83d\udddd <b>Gesti\u00f3n de la Propiedad en Tu Ausencia:<\/b> Si planeas usar tu propiedad como segunda residencia o inversi\u00f3n, te proporciono orientaci\u00f3n sobre alquileres vacacionales o servicios de gesti\u00f3n de alquileres a largo plazo.<\/p>\t\t\t\t\t\t\t\t<\/div>\n\t\t\t\t<\/div>\n\t\t\t\t<\/div>\n\t\t\t\t\t<\/div>\n\t\t\t\t<\/div>\n\t\t\t\t<\/div>","protected":false},"excerpt":{"rendered":"<p>Post-sale support &#038; additional services Post-sale support &#038; additional services Beyond the Purchase: Hassle-Free Post-Sale Support Buying a property is just the first step. After the signing, other important tasks begin, and I\u2019ll continue by your side to make everything easy and stress-free. Initial Administrative Procedures &amp; Setup \u2705 Transfer of utility contracts (water, electricity, [&hellip;]<\/p>\n","protected":false},"author":1,"featured_media":0,"parent":0,"menu_order":0,"comment_status":"closed","ping_status":"closed","template":"elementor_theme","meta":{"site-sidebar-layout":"default","site-content-layout":"page-builder","ast-site-content-layout":"full-width-container","site-content-style":"unboxed","site-sidebar-style":"unboxed","ast-global-header-display":"","ast-banner-title-visibility":"","ast-main-header-display":"","ast-hfb-above-header-display":"","ast-hfb-below-header-display":"","ast-hfb-mobile-header-display":"","site-post-title":"disabled","ast-breadcrumbs-content":"","ast-featured-img":"disabled","footer-sml-layout":"","theme-transparent-header-meta":"enabled","adv-header-id-meta":"","stick-header-meta":"","header-above-stick-meta":"","header-main-stick-meta":"","header-below-stick-meta":"","astra-migrate-meta-layouts":"set","ast-page-background-enabled":"default","ast-page-background-meta":{"desktop":{"background-color":"","background-image":"","background-repeat":"repeat","background-position":"center center","background-size":"auto","background-attachment":"scroll","background-type":"","background-media":"","overlay-type":"","overlay-color":"","overlay-opacity":"","overlay-gradient":""},"tablet":{"background-color":"","background-image":"","background-repeat":"repeat","background-position":"center center","background-size":"auto","background-attachment":"scroll","background-type":"","background-media":"","overlay-type":"","overlay-color":"","overlay-opacity":"","overlay-gradient":""},"mobile":{"background-color":"","background-image":"","background-repeat":"repeat","background-position":"center center","background-size":"auto","background-attachment":"scroll","background-type":"","background-media":"","overlay-type":"","overlay-color":"","overlay-opacity":"","overlay-gradient":""}},"ast-content-background-meta":{"desktop":{"background-color":"var(--ast-global-color-5)","background-image":"","background-repeat":"repeat","background-position":"center center","background-size":"auto","background-attachment":"scroll","background-type":"","background-media":"","overlay-type":"","overlay-color":"","overlay-opacity":"","overlay-gradient":""},"tablet":{"background-color":"var(--ast-global-color-5)","background-image":"","background-repeat":"repeat","background-position":"center center","background-size":"auto","background-attachment":"scroll","background-type":"","background-media":"","overlay-type":"","overlay-color":"","overlay-opacity":"","overlay-gradient":""},"mobile":{"background-color":"var(--ast-global-color-5)","background-image":"","background-repeat":"repeat","background-position":"center center","background-size":"auto","background-attachment":"scroll","background-type":"","background-media":"","overlay-type":"","overlay-color":"","overlay-opacity":"","overlay-gradient":""}},"footnotes":""},"class_list":["post-1383","page","type-page","status-publish","hentry"],"_links":{"self":[{"href":"https:\/\/cometomalaga.com\/es\/wp-json\/wp\/v2\/pages\/1383","targetHints":{"allow":["GET"]}}],"collection":[{"href":"https:\/\/cometomalaga.com\/es\/wp-json\/wp\/v2\/pages"}],"about":[{"href":"https:\/\/cometomalaga.com\/es\/wp-json\/wp\/v2\/types\/page"}],"author":[{"embeddable":true,"href":"https:\/\/cometomalaga.com\/es\/wp-json\/wp\/v2\/users\/1"}],"replies":[{"embeddable":true,"href":"https:\/\/cometomalaga.com\/es\/wp-json\/wp\/v2\/comments?post=1383"}],"version-history":[{"count":4,"href":"https:\/\/cometomalaga.com\/es\/wp-json\/wp\/v2\/pages\/1383\/revisions"}],"predecessor-version":[{"id":1388,"href":"https:\/\/cometomalaga.com\/es\/wp-json\/wp\/v2\/pages\/1383\/revisions\/1388"}],"wp:attachment":[{"href":"https:\/\/cometomalaga.com\/es\/wp-json\/wp\/v2\/media?parent=1383"}],"curies":[{"name":"wp","href":"https:\/\/api.w.org\/{rel}","templated":true}]}}