{"id":1529,"date":"2025-05-07T11:24:42","date_gmt":"2025-05-07T09:24:42","guid":{"rendered":"https:\/\/cometomalaga.com\/?page_id=1529"},"modified":"2025-05-14T11:13:19","modified_gmt":"2025-05-14T09:13:19","slug":"how-do-i-work","status":"publish","type":"page","link":"https:\/\/cometomalaga.com\/es\/how-do-i-work\/","title":{"rendered":"\u00bfC\u00f3mo lo hago?"},"content":{"rendered":"<div data-elementor-type=\"wp-post\" data-elementor-id=\"1529\" class=\"elementor elementor-1529\">\n\t\t\t\t<div class=\"elementor-element elementor-element-1337320 e-flex e-con-boxed e-con e-parent\" data-id=\"1337320\" data-element_type=\"container\" data-e-type=\"container\" data-settings=\"{&quot;background_background&quot;:&quot;classic&quot;}\">\n\t\t\t\t\t<div class=\"e-con-inner\">\n\t\t<div class=\"elementor-element elementor-element-8c47842 e-con-full e-flex e-con e-child\" data-id=\"8c47842\" data-element_type=\"container\" data-e-type=\"container\">\n\t\t\t\t<div class=\"elementor-element elementor-element-6020073 elementor-widget elementor-widget-heading\" data-id=\"6020073\" data-element_type=\"widget\" data-e-type=\"widget\" data-widget_type=\"heading.default\">\n\t\t\t\t<div class=\"elementor-widget-container\">\n\t\t\t\t\t<h1 class=\"elementor-heading-title elementor-size-default\">\u00bfC\u00f3mo lo hago?<\/h1>\t\t\t\t<\/div>\n\t\t\t\t<\/div>\n\t\t\t\t<\/div>\n\t\t\t\t\t<\/div>\n\t\t\t\t<\/div>\n\t\t<div class=\"elementor-element elementor-element-9219450 e-flex e-con-boxed e-con e-parent\" data-id=\"9219450\" data-element_type=\"container\" data-e-type=\"container\" data-settings=\"{&quot;background_background&quot;:&quot;classic&quot;}\">\n\t\t\t\t\t<div class=\"e-con-inner\">\n\t\t<div class=\"elementor-element elementor-element-8cfc6d3 e-con-full e-flex e-con e-child\" data-id=\"8cfc6d3\" data-element_type=\"container\" data-e-type=\"container\">\n\t\t\t\t<div class=\"elementor-element elementor-element-6fefecf elementor-widget elementor-widget-heading\" data-id=\"6fefecf\" data-element_type=\"widget\" data-e-type=\"widget\" data-widget_type=\"heading.default\">\n\t\t\t\t<div class=\"elementor-widget-container\">\n\t\t\t\t\t<h2 class=\"elementor-heading-title elementor-size-default\">Initial Interview &amp; Application Analysis<\/h2>\t\t\t\t<\/div>\n\t\t\t\t<\/div>\n\t\t\t\t<div class=\"elementor-element elementor-element-ae27df2 elementor-widget elementor-widget-text-editor\" data-id=\"ae27df2\" data-element_type=\"widget\" data-e-type=\"widget\" data-widget_type=\"text-editor.default\">\n\t\t\t\t<div class=\"elementor-widget-container\">\n\t\t\t\t\t\t\t\t\t<p>\u00bfSue\u00f1as con un apartamento frente al mar donde ver caer el sol cada tarde? \u00bfUna casa con jard\u00edn para disfrutar del clima y el ritmo de vida andaluz? \u00bfO buscas una inversi\u00f3n con visi\u00f3n de futuro? Hablamos (virtualmente, claro) para que me cuentes no solo lo que quieres comprar, sino c\u00f3mo quieres vivir. Tus gustos, tu estilo, tus necesidades, tu presupuesto... Todo importa. Y todo lo tengo en cuenta.<br data-start=\"433\" data-end=\"436\" \/>Este proceso no se trata simplemente de encontrar una casa bonita: se trata de encontrar tu casa. Aquella que encaje contigo, que hable tu idioma, que te haga sentir que has llegado. <em data-start=\"509\" data-end=\"515\">your<\/em> house. The one that fits you, speaks your language, and makes you feel like you&#8217;ve arrived.<\/p><p><strong data-start=\"610\" data-end=\"636\">An\u00e1lisis de tus necesidades<\/strong><br data-start=\"636\" data-end=\"639\" \/>Una vez que hemos hablado, analizo a fondo tus preferencias, tu estilo de vida y tus prioridades. Con esa base clara, defino contigo la estrategia de b\u00fasqueda: tipo de propiedad, zonas de inter\u00e9s, caracter\u00edsticas imprescindibles y detalles que marcan la diferencia (espacios exteriores, vistas, accesibilidad, orientaci\u00f3n...).\u00a0<\/p><p><strong data-start=\"952\" data-end=\"977\">Definici\u00f3n del Enfoque<\/strong><br data-start=\"977\" data-end=\"980\" \/>Cuando ya tengo claro qu\u00e9 est\u00e1s buscando, trazo un plan de acci\u00f3n concreto. Aqu\u00ed es donde entra en juego mi experiencia local: filtrar\u00e9 el mercado, evitar\u00e9 p\u00e9rdidas de tiempo y seleccionar\u00e9 \u00fanicamente las propiedades que realmente encajan contigo. T\u00fa solo tendr\u00e1s que decidir entre opciones que ya cumplen con lo que esperas. Sin estr\u00e9s, sin sorpresas.<\/p>\t\t\t\t\t\t\t\t<\/div>\n\t\t\t\t<\/div>\n\t\t\t\t<div class=\"elementor-element elementor-element-47cefb9 elementor-widget elementor-widget-heading\" data-id=\"47cefb9\" data-element_type=\"widget\" data-e-type=\"widget\" data-widget_type=\"heading.default\">\n\t\t\t\t<div class=\"elementor-widget-container\">\n\t\t\t\t\t<h2 class=\"elementor-heading-title elementor-size-default\">Property Search &amp; Selection<\/h2>\t\t\t\t<\/div>\n\t\t\t\t<\/div>\n\t\t\t\t<div class=\"elementor-element elementor-element-c2fdc52 elementor-widget elementor-widget-text-editor\" data-id=\"c2fdc52\" data-element_type=\"widget\" data-e-type=\"widget\" data-widget_type=\"text-editor.default\">\n\t\t\t\t<div class=\"elementor-widget-container\">\n\t\t\t\t\t\t\t\t\t<p data-start=\"0\" data-end=\"86\">\u00bfC\u00f3mo filtro lo mejor para ti? Aqu\u00ed tienes el proceso que sigo para asegurarlo:<\/p><p data-start=\"88\" data-end=\"617\">\ud83d\uddc2\ufe0f <strong data-start=\"92\" data-end=\"124\">Informe de propiedades preseleccionadas <\/strong><\/p><p data-start=\"88\" data-end=\"617\">Despu\u00e9s de analizar todas las opciones disponibles, selecciono solo aquellas que realmente encajan contigo y elaboro un dossier personalizado que incluye:<br data-start=\"263\" data-end=\"266\" \/>\u2705 <strong data-start=\"268\" data-end=\"283\">Detalles clave:<\/strong>ubicaci\u00f3n, tama\u00f1o, distribuci\u00f3n, n\u00famero de habitaciones, estado de conservaci\u00f3n, precio, gastos asociados y m\u00e1s.<br data-start=\"371\" data-end=\"374\" \/>\u2705 <strong data-start=\"376\" data-end=\"393\">Pros y contras:<\/strong>una valoraci\u00f3n honesta de cada propiedad, destacando no solo sus puntos fuertes, sino tambi\u00e9n los aspectos que debes considerar.<br data-start=\"511\" data-end=\"514\" \/>\u2705 <strong data-start=\"516\" data-end=\"547\">Accesos directos y referencias:<\/strong>enlaces directos, im\u00e1genes, documentos y cualquier informaci\u00f3n adicional relevante.<\/p><p data-start=\"619\" data-end=\"853\" data-is-last-node=\"\" data-is-only-node=\"\">Esta lista ser\u00e1 tu mapa: te permitir\u00e1 decidir f\u00e1cilmente qu\u00e9 propiedades quieres que visite en tu nombre en la siguiente fase.<br data-start=\"753\" data-end=\"756\" \/>As\u00ed optimizamos tu tiempo y nos enfocamos \u00fanicamente en las opciones que realmente tienen potencial para ti.<\/p>\t\t\t\t\t\t\t\t<\/div>\n\t\t\t\t<\/div>\n\t\t\t\t<div class=\"elementor-element elementor-element-a05e6da elementor-widget elementor-widget-heading\" data-id=\"a05e6da\" data-element_type=\"widget\" data-e-type=\"widget\" data-widget_type=\"heading.default\">\n\t\t\t\t<div class=\"elementor-widget-container\">\n\t\t\t\t\t<h2 class=\"elementor-heading-title elementor-size-default\">Property Visits &amp; Evaluation<\/h2>\t\t\t\t<\/div>\n\t\t\t\t<\/div>\n\t\t\t\t<div class=\"elementor-element elementor-element-6361d33 elementor-widget elementor-widget-text-editor\" data-id=\"6361d33\" data-element_type=\"widget\" data-e-type=\"widget\" data-widget_type=\"text-editor.default\">\n\t\t\t\t<div class=\"elementor-widget-container\">\n\t\t\t\t\t\t\t\t\t<p data-start=\"66\" data-end=\"534\">Reviso a diario el mercado, incluyendo portales especializados, propiedades off-market y redes de contactos profesionales para localizar las mejores oportunidades. Hago una primera criba online con base en los par\u00e1metros que hemos definido, y creo un listado con las opciones que realmente tienen potencial. Para cada una, recibir\u00e1s un resumen con sus caracter\u00edsticas, pros y contras, y por qu\u00e9 considero que puede encajarte.<br data-start=\"470\" data-end=\"473\" \/>Despu\u00e9s viene la parte que m\u00e1s te va a gustar: las visitas personalizadas.<\/p><p data-start=\"536\" data-end=\"959\"><strong data-start=\"536\" data-end=\"588\">Visitas presenciales por ti, como si fueras t\u00fa<\/strong><br data-start=\"588\" data-end=\"591\" \/>T\u00fa no est\u00e1s en M\u00e1laga, pero eso no ser\u00e1 un problema. Yo visito cada propiedad que hemos preseleccionado y te proporciono un dossier completo y honesto:<br data-start=\"718\" data-end=\"721\" \/>\ud83d\udcf9 V\u00eddeos grabados con todo detalle (no solo las zonas bonitas)<br data-start=\"774\" data-end=\"777\" \/>\ud83d\udcf8 Fotos realistas y actuales<br data-start=\"808\" data-end=\"811\" \/>\ud83d\udcd0 Planos y esquemas, si est\u00e1n disponibles<br data-start=\"851\" data-end=\"854\" \/>\ud83d\udcdd Un informe con mi valoraci\u00f3n profesional, destacando puntos fuertes, debilidades y aspectos a tener en cuenta<\/p><p data-start=\"961\" data-end=\"1107\">Gracias a esto, podr\u00e1s tomar decisiones con la tranquilidad de haberlo \u201cvivido\u201d, aunque est\u00e9s a cientos (o miles) de kil\u00f3metros.<\/p><p data-start=\"1109\" data-end=\"1569\"><strong data-start=\"1109\" data-end=\"1138\">Evaluaci\u00f3n del Valor de la Propiedad<\/strong><br data-start=\"1138\" data-end=\"1141\" \/>Ver si una casa es bonita es f\u00e1cil. Evaluar si vale lo que piden, no tanto.<br data-start=\"1245\" data-end=\"1248\" \/>Por eso, analizo cada propiedad en profundidad, compar\u00e1ndola con inmuebles similares de la zona, estudiando su contexto, estado legal, orientaci\u00f3n, estado de conservaci\u00f3n, potencial de revalorizaci\u00f3n y nivel de demanda. Te digo con total claridad si ese precio es justo, si se puede negociar o si \u2014sinceramente\u2014 es mejor seguir buscando.<\/p><p data-start=\"1571\" data-end=\"1655\">Porque mi prioridad no es venderte una casa. Es ayudarte a comprar la adecuada.<\/p>\t\t\t\t\t\t\t\t<\/div>\n\t\t\t\t<\/div>\n\t\t\t\t<\/div>\n\t\t\t\t\t<\/div>\n\t\t\t\t<\/div>\n\t\t\t\t<\/div>","protected":false},"excerpt":{"rendered":"<p>How do I work? Initial Interview &#038; Application Analysis Do you dream of an apartment by the sea where you can watch the sunset every evening? A house with a garden to enjoy the Andalusian climate and lifestyle? Or are you looking for an investment with future potential? We\u2019ll talk (virtually, of course) so you [&hellip;]<\/p>\n","protected":false},"author":1,"featured_media":0,"parent":0,"menu_order":0,"comment_status":"closed","ping_status":"closed","template":"elementor_theme","meta":{"site-sidebar-layout":"default","site-content-layout":"page-builder","ast-site-content-layout":"full-width-container","site-content-style":"unboxed","site-sidebar-style":"unboxed","ast-global-header-display":"","ast-banner-title-visibility":"","ast-main-header-display":"","ast-hfb-above-header-display":"","ast-hfb-below-header-display":"","ast-hfb-mobile-header-display":"","site-post-title":"disabled","ast-breadcrumbs-content":"","ast-featured-img":"disabled","footer-sml-layout":"","theme-transparent-header-meta":"enabled","adv-header-id-meta":"","stick-header-meta":"","header-above-stick-meta":"","header-main-stick-meta":"","header-below-stick-meta":"","astra-migrate-meta-layouts":"set","ast-page-background-enabled":"default","ast-page-background-meta":{"desktop":{"background-color":"","background-image":"","background-repeat":"repeat","background-position":"center center","background-size":"auto","background-attachment":"scroll","background-type":"","background-media":"","overlay-type":"","overlay-color":"","overlay-opacity":"","overlay-gradient":""},"tablet":{"background-color":"","background-image":"","background-repeat":"repeat","background-position":"center center","background-size":"auto","background-attachment":"scroll","background-type":"","background-media":"","overlay-type":"","overlay-color":"","overlay-opacity":"","overlay-gradient":""},"mobile":{"background-color":"","background-image":"","background-repeat":"repeat","background-position":"center center","background-size":"auto","background-attachment":"scroll","background-type":"","background-media":"","overlay-type":"","overlay-color":"","overlay-opacity":"","overlay-gradient":""}},"ast-content-background-meta":{"desktop":{"background-color":"var(--ast-global-color-5)","background-image":"","background-repeat":"repeat","background-position":"center center","background-size":"auto","background-attachment":"scroll","background-type":"","background-media":"","overlay-type":"","overlay-color":"","overlay-opacity":"","overlay-gradient":""},"tablet":{"background-color":"var(--ast-global-color-5)","background-image":"","background-repeat":"repeat","background-position":"center center","background-size":"auto","background-attachment":"scroll","background-type":"","background-media":"","overlay-type":"","overlay-color":"","overlay-opacity":"","overlay-gradient":""},"mobile":{"background-color":"var(--ast-global-color-5)","background-image":"","background-repeat":"repeat","background-position":"center center","background-size":"auto","background-attachment":"scroll","background-type":"","background-media":"","overlay-type":"","overlay-color":"","overlay-opacity":"","overlay-gradient":""}},"footnotes":""},"class_list":["post-1529","page","type-page","status-publish","hentry"],"_links":{"self":[{"href":"https:\/\/cometomalaga.com\/es\/wp-json\/wp\/v2\/pages\/1529","targetHints":{"allow":["GET"]}}],"collection":[{"href":"https:\/\/cometomalaga.com\/es\/wp-json\/wp\/v2\/pages"}],"about":[{"href":"https:\/\/cometomalaga.com\/es\/wp-json\/wp\/v2\/types\/page"}],"author":[{"embeddable":true,"href":"https:\/\/cometomalaga.com\/es\/wp-json\/wp\/v2\/users\/1"}],"replies":[{"embeddable":true,"href":"https:\/\/cometomalaga.com\/es\/wp-json\/wp\/v2\/comments?post=1529"}],"version-history":[{"count":10,"href":"https:\/\/cometomalaga.com\/es\/wp-json\/wp\/v2\/pages\/1529\/revisions"}],"predecessor-version":[{"id":1662,"href":"https:\/\/cometomalaga.com\/es\/wp-json\/wp\/v2\/pages\/1529\/revisions\/1662"}],"wp:attachment":[{"href":"https:\/\/cometomalaga.com\/es\/wp-json\/wp\/v2\/media?parent=1529"}],"curies":[{"name":"wp","href":"https:\/\/api.w.org\/{rel}","templated":true}]}}