{"id":1582,"date":"2025-05-07T12:34:09","date_gmt":"2025-05-07T10:34:09","guid":{"rendered":"https:\/\/cometomalaga.com\/?page_id=1582"},"modified":"2025-05-07T12:36:16","modified_gmt":"2025-05-07T10:36:16","slug":"property-search-selection","status":"publish","type":"page","link":"https:\/\/cometomalaga.com\/es\/property-search-selection\/","title":{"rendered":"Property Search &amp; Selection"},"content":{"rendered":"<div data-elementor-type=\"wp-post\" data-elementor-id=\"1582\" class=\"elementor elementor-1582\">\n\t\t\t\t<div class=\"elementor-element elementor-element-1337320 e-flex e-con-boxed e-con e-parent\" data-id=\"1337320\" data-element_type=\"container\" data-e-type=\"container\" data-settings=\"{&quot;background_background&quot;:&quot;classic&quot;}\">\n\t\t\t\t\t<div class=\"e-con-inner\">\n\t\t<div class=\"elementor-element elementor-element-8c47842 e-con-full e-flex e-con e-child\" data-id=\"8c47842\" data-element_type=\"container\" data-e-type=\"container\">\n\t\t\t\t<div class=\"elementor-element elementor-element-6020073 elementor-widget elementor-widget-heading\" data-id=\"6020073\" data-element_type=\"widget\" data-e-type=\"widget\" data-widget_type=\"heading.default\">\n\t\t\t\t<div class=\"elementor-widget-container\">\n\t\t\t\t\t<h1 class=\"elementor-heading-title elementor-size-default\">Property Search &amp; Selection<\/h1>\t\t\t\t<\/div>\n\t\t\t\t<\/div>\n\t\t\t\t<\/div>\n\t\t\t\t\t<\/div>\n\t\t\t\t<\/div>\n\t\t<div class=\"elementor-element elementor-element-9219450 e-flex e-con-boxed e-con e-parent\" data-id=\"9219450\" data-element_type=\"container\" data-e-type=\"container\" data-settings=\"{&quot;background_background&quot;:&quot;classic&quot;}\">\n\t\t\t\t\t<div class=\"e-con-inner\">\n\t\t<div class=\"elementor-element elementor-element-1a6bba3 e-con-full e-flex e-con e-child\" data-id=\"1a6bba3\" data-element_type=\"container\" data-e-type=\"container\">\n\t\t\t\t<div class=\"elementor-element elementor-element-e90223e elementor-widget elementor-widget-text-editor\" data-id=\"e90223e\" data-element_type=\"widget\" data-e-type=\"widget\" data-widget_type=\"text-editor.default\">\n\t\t\t\t<div class=\"elementor-widget-container\">\n\t\t\t\t\t\t\t\t\t<p data-start=\"0\" data-end=\"86\">\u00bfC\u00f3mo filtro lo mejor para ti? Aqu\u00ed tienes el proceso que sigo para asegurarlo:<\/p><p data-start=\"88\" data-end=\"617\">\ud83d\uddc2\ufe0f <strong data-start=\"92\" data-end=\"124\">Informe de propiedades preseleccionadas <\/strong><\/p><p data-start=\"88\" data-end=\"617\">Despu\u00e9s de analizar todas las opciones disponibles, selecciono solo aquellas que realmente encajan contigo y elaboro un dossier personalizado que incluye:<br data-start=\"263\" data-end=\"266\" \/>\u2705 <strong data-start=\"268\" data-end=\"283\">Detalles clave:<\/strong>ubicaci\u00f3n, tama\u00f1o, distribuci\u00f3n, n\u00famero de habitaciones, estado de conservaci\u00f3n, precio, gastos asociados y m\u00e1s.<br data-start=\"371\" data-end=\"374\" \/>\u2705 <strong data-start=\"376\" data-end=\"393\">Pros y contras:<\/strong>una valoraci\u00f3n honesta de cada propiedad, destacando no solo sus puntos fuertes, sino tambi\u00e9n los aspectos que debes considerar.<br data-start=\"511\" data-end=\"514\" \/>\u2705 <strong data-start=\"516\" data-end=\"547\">Accesos directos y referencias:<\/strong>enlaces directos, im\u00e1genes, documentos y cualquier informaci\u00f3n adicional relevante.<\/p><p data-start=\"619\" data-end=\"853\" data-is-last-node=\"\" data-is-only-node=\"\">Esta lista ser\u00e1 tu mapa: te permitir\u00e1 decidir f\u00e1cilmente qu\u00e9 propiedades quieres que visite en tu nombre en la siguiente fase.<br data-start=\"753\" data-end=\"756\" \/>As\u00ed optimizamos tu tiempo y nos enfocamos \u00fanicamente en las opciones que realmente tienen potencial para ti.<\/p>\t\t\t\t\t\t\t\t<\/div>\n\t\t\t\t<\/div>\n\t\t\t\t<\/div>\n\t\t\t\t\t<\/div>\n\t\t\t\t<\/div>\n\t\t\t\t<\/div>","protected":false},"excerpt":{"rendered":"<p>Property Search &#038; Selection How do I filter the best options for you? Here\u2019s the process I follow to ensure that: \ud83d\uddc2\ufe0f Pre-selected property report After analyzing all available options, I select only those that truly match your needs and prepare a personalized dossier that includes:\u2705 Key details: location, size, layout, number of rooms, condition, [&hellip;]<\/p>\n","protected":false},"author":1,"featured_media":0,"parent":0,"menu_order":0,"comment_status":"closed","ping_status":"closed","template":"elementor_theme","meta":{"site-sidebar-layout":"default","site-content-layout":"page-builder","ast-site-content-layout":"full-width-container","site-content-style":"unboxed","site-sidebar-style":"unboxed","ast-global-header-display":"","ast-banner-title-visibility":"","ast-main-header-display":"","ast-hfb-above-header-display":"","ast-hfb-below-header-display":"","ast-hfb-mobile-header-display":"","site-post-title":"disabled","ast-breadcrumbs-content":"","ast-featured-img":"disabled","footer-sml-layout":"","theme-transparent-header-meta":"enabled","adv-header-id-meta":"","stick-header-meta":"","header-above-stick-meta":"","header-main-stick-meta":"","header-below-stick-meta":"","astra-migrate-meta-layouts":"set","ast-page-background-enabled":"default","ast-page-background-meta":{"desktop":{"background-color":"","background-image":"","background-repeat":"repeat","background-position":"center center","background-size":"auto","background-attachment":"scroll","background-type":"","background-media":"","overlay-type":"","overlay-color":"","overlay-opacity":"","overlay-gradient":""},"tablet":{"background-color":"","background-image":"","background-repeat":"repeat","background-position":"center center","background-size":"auto","background-attachment":"scroll","background-type":"","background-media":"","overlay-type":"","overlay-color":"","overlay-opacity":"","overlay-gradient":""},"mobile":{"background-color":"","background-image":"","background-repeat":"repeat","background-position":"center center","background-size":"auto","background-attachment":"scroll","background-type":"","background-media":"","overlay-type":"","overlay-color":"","overlay-opacity":"","overlay-gradient":""}},"ast-content-background-meta":{"desktop":{"background-color":"var(--ast-global-color-5)","background-image":"","background-repeat":"repeat","background-position":"center center","background-size":"auto","background-attachment":"scroll","background-type":"","background-media":"","overlay-type":"","overlay-color":"","overlay-opacity":"","overlay-gradient":""},"tablet":{"background-color":"var(--ast-global-color-5)","background-image":"","background-repeat":"repeat","background-position":"center center","background-size":"auto","background-attachment":"scroll","background-type":"","background-media":"","overlay-type":"","overlay-color":"","overlay-opacity":"","overlay-gradient":""},"mobile":{"background-color":"var(--ast-global-color-5)","background-image":"","background-repeat":"repeat","background-position":"center center","background-size":"auto","background-attachment":"scroll","background-type":"","background-media":"","overlay-type":"","overlay-color":"","overlay-opacity":"","overlay-gradient":""}},"footnotes":""},"class_list":["post-1582","page","type-page","status-publish","hentry"],"_links":{"self":[{"href":"https:\/\/cometomalaga.com\/es\/wp-json\/wp\/v2\/pages\/1582","targetHints":{"allow":["GET"]}}],"collection":[{"href":"https:\/\/cometomalaga.com\/es\/wp-json\/wp\/v2\/pages"}],"about":[{"href":"https:\/\/cometomalaga.com\/es\/wp-json\/wp\/v2\/types\/page"}],"author":[{"embeddable":true,"href":"https:\/\/cometomalaga.com\/es\/wp-json\/wp\/v2\/users\/1"}],"replies":[{"embeddable":true,"href":"https:\/\/cometomalaga.com\/es\/wp-json\/wp\/v2\/comments?post=1582"}],"version-history":[{"count":4,"href":"https:\/\/cometomalaga.com\/es\/wp-json\/wp\/v2\/pages\/1582\/revisions"}],"predecessor-version":[{"id":1589,"href":"https:\/\/cometomalaga.com\/es\/wp-json\/wp\/v2\/pages\/1582\/revisions\/1589"}],"wp:attachment":[{"href":"https:\/\/cometomalaga.com\/es\/wp-json\/wp\/v2\/media?parent=1582"}],"curies":[{"name":"wp","href":"https:\/\/api.w.org\/{rel}","templated":true}]}}