{"id":1598,"date":"2025-05-07T12:53:27","date_gmt":"2025-05-07T10:53:27","guid":{"rendered":"https:\/\/cometomalaga.com\/?page_id=1598"},"modified":"2025-05-07T15:48:17","modified_gmt":"2025-05-07T13:48:17","slug":"why-a-personal-property-shopper","status":"publish","type":"page","link":"https:\/\/cometomalaga.com\/es\/why-a-personal-property-shopper\/","title":{"rendered":"Why a personal property shopper?"},"content":{"rendered":"<div data-elementor-type=\"wp-post\" data-elementor-id=\"1598\" class=\"elementor elementor-1598\">\n\t\t\t\t<div class=\"elementor-element elementor-element-1337320 e-flex e-con-boxed e-con e-parent\" data-id=\"1337320\" data-element_type=\"container\" data-e-type=\"container\" data-settings=\"{&quot;background_background&quot;:&quot;classic&quot;}\">\n\t\t\t\t\t<div class=\"e-con-inner\">\n\t\t<div class=\"elementor-element elementor-element-8c47842 e-con-full e-flex e-con e-child\" data-id=\"8c47842\" data-element_type=\"container\" data-e-type=\"container\">\n\t\t\t\t<div class=\"elementor-element elementor-element-6020073 elementor-widget elementor-widget-heading\" data-id=\"6020073\" data-element_type=\"widget\" data-e-type=\"widget\" data-widget_type=\"heading.default\">\n\t\t\t\t<div class=\"elementor-widget-container\">\n\t\t\t\t\t<h1 class=\"elementor-heading-title elementor-size-default\">\u00bfPor qu\u00e9 un personal shopper?<\/h1>\t\t\t\t<\/div>\n\t\t\t\t<\/div>\n\t\t\t\t<\/div>\n\t\t\t\t\t<\/div>\n\t\t\t\t<\/div>\n\t\t<div class=\"elementor-element elementor-element-9219450 e-flex e-con-boxed e-con e-parent\" data-id=\"9219450\" data-element_type=\"container\" data-e-type=\"container\" data-settings=\"{&quot;background_background&quot;:&quot;classic&quot;}\">\n\t\t\t\t\t<div class=\"e-con-inner\">\n\t\t<div class=\"elementor-element elementor-element-8cfc6d3 e-con-full e-flex e-con e-child\" data-id=\"8cfc6d3\" data-element_type=\"container\" data-e-type=\"container\">\n\t\t\t\t<div class=\"elementor-element elementor-element-0578643 elementor-widget elementor-widget-heading\" data-id=\"0578643\" data-element_type=\"widget\" data-e-type=\"widget\" data-widget_type=\"heading.default\">\n\t\t\t\t<div class=\"elementor-widget-container\">\n\t\t\t\t\t<h3 class=\"elementor-heading-title elementor-size-default\">Beneficios de contratar un Personal Shopper Inmobiliario<\/h3>\t\t\t\t<\/div>\n\t\t\t\t<\/div>\n\t\t\t\t<div class=\"elementor-element elementor-element-0132931 elementor-widget elementor-widget-image\" data-id=\"0132931\" data-element_type=\"widget\" data-e-type=\"widget\" data-widget_type=\"image.default\">\n\t\t\t\t<div class=\"elementor-widget-container\">\n\t\t\t\t\t\t\t\t\t\t\t\t\t\t\t<img fetchpriority=\"high\" decoding=\"async\" width=\"1366\" height=\"768\" src=\"https:\/\/cometomalaga.com\/wp-content\/uploads\/2025\/04\/Personal-Shopper-1.png\" class=\"attachment-full size-full wp-image-1385\" alt=\"\" srcset=\"https:\/\/cometomalaga.com\/wp-content\/uploads\/2025\/04\/Personal-Shopper-1.png 1366w, https:\/\/cometomalaga.com\/wp-content\/uploads\/2025\/04\/Personal-Shopper-1-300x169.png 300w, https:\/\/cometomalaga.com\/wp-content\/uploads\/2025\/04\/Personal-Shopper-1-1024x576.png 1024w, https:\/\/cometomalaga.com\/wp-content\/uploads\/2025\/04\/Personal-Shopper-1-768x432.png 768w, https:\/\/cometomalaga.com\/wp-content\/uploads\/2025\/04\/Personal-Shopper-1-18x10.png 18w\" sizes=\"(max-width: 1366px) 100vw, 1366px\" \/>\t\t\t\t\t\t\t\t\t\t\t\t\t\t\t<\/div>\n\t\t\t\t<\/div>\n\t\t\t\t<\/div>\n\t\t<div class=\"elementor-element elementor-element-1a6bba3 e-con-full e-flex e-con e-child\" data-id=\"1a6bba3\" data-element_type=\"container\" data-e-type=\"container\">\n\t\t\t\t<div class=\"elementor-element elementor-element-e90223e elementor-widget elementor-widget-text-editor\" data-id=\"e90223e\" data-element_type=\"widget\" data-e-type=\"widget\" data-widget_type=\"text-editor.default\">\n\t\t\t\t<div class=\"elementor-widget-container\">\n\t\t\t\t\t\t\t\t\t<p data-start=\"53\" data-end=\"315\"><strong data-start=\"53\" data-end=\"68\">Ahorro de Tiempo<\/strong><br data-start=\"68\" data-end=\"71\" \/>Para compradores internacionales, viajar a M\u00e1laga para buscar propiedades puede ser complicado y costoso. Me encargo de la b\u00fasqueda, filtrado y verificaci\u00f3n, asegur\u00e1ndome de que solo consideres propiedades que realmente cumplan con tus expectativas.<\/p><p data-start=\"317\" data-end=\"576\"><strong data-start=\"317\" data-end=\"351\">Acceso a Propiedades Exclusivas<\/strong><br data-start=\"351\" data-end=\"354\" \/>Algunas de las mejores propiedades nunca se anuncian p\u00fablicamente y se venden antes de ser listadas. Como experta local, accedo a oportunidades exclusivas que no est\u00e1n disponibles para el p\u00fablico general, d\u00e1ndote una ventaja competitiva.<\/p><p data-start=\"578\" data-end=\"872\"><strong data-start=\"578\" data-end=\"603\">Experiencia en Negociaci\u00f3n<\/strong><br data-start=\"603\" data-end=\"606\" \/>Las diferencias culturales e idiom\u00e1ticas pueden dificultar la negociaci\u00f3n de una propiedad en Espa\u00f1a. Con mi conocimiento del mercado inmobiliario de M\u00e1laga, represento tus intereses, negocio las mejores condiciones y me aseguro de que obtengas el mejor precio posible, evitando pagos innecesarios.<\/p><p data-start=\"874\" data-end=\"1153\"><strong data-start=\"874\" data-end=\"901\">Experiencia Personalizada<\/strong><br data-start=\"901\" data-end=\"904\" \/>Cada comprador tiene necesidades \u00fanicas, especialmente cuando compra desde el extranjero. Personalizo mis servicios seg\u00fan tus preferencias y prioridades, desde visitas virtuales hasta la gesti\u00f3n de toda la documentaci\u00f3n legal y financiera, asegurando un proceso fluido, seguro y sin estr\u00e9s.<\/p>\t\t\t\t\t\t\t\t<\/div>\n\t\t\t\t<\/div>\n\t\t\t\t<\/div>\n\t\t\t\t\t<\/div>\n\t\t\t\t<\/div>\n\t\t<div class=\"elementor-element elementor-element-92fbeea e-flex e-con-boxed e-con e-parent\" data-id=\"92fbeea\" data-element_type=\"container\" data-e-type=\"container\" data-settings=\"{&quot;background_background&quot;:&quot;classic&quot;}\">\n\t\t\t\t\t<div class=\"e-con-inner\">\n\t\t<div class=\"elementor-element elementor-element-1abd1ef e-con-full e-flex e-con e-child\" data-id=\"1abd1ef\" data-element_type=\"container\" data-e-type=\"container\">\n\t\t\t\t<div class=\"elementor-element elementor-element-a332065 elementor-widget elementor-widget-heading\" data-id=\"a332065\" data-element_type=\"widget\" data-e-type=\"widget\" data-widget_type=\"heading.default\">\n\t\t\t\t<div class=\"elementor-widget-container\">\n\t\t\t\t\t<h3 class=\"elementor-heading-title elementor-size-default\">\u00bfEn qu\u00e9 se diferencia un Personal Shopper Inmobiliario de un agente inmobiliario?<\/h3>\t\t\t\t<\/div>\n\t\t\t\t<\/div>\n\t\t\t\t<\/div>\n\t\t<div class=\"elementor-element elementor-element-cb743ee e-con-full e-flex e-con e-child\" data-id=\"cb743ee\" data-element_type=\"container\" data-e-type=\"container\">\n\t\t\t\t<div class=\"elementor-element elementor-element-f7b4cc4 elementor-widget elementor-widget-text-editor\" data-id=\"f7b4cc4\" data-element_type=\"widget\" data-e-type=\"widget\" data-widget_type=\"text-editor.default\">\n\t\t\t\t<div class=\"elementor-widget-container\">\n\t\t\t\t\t\t\t\t\t<p data-start=\"53\" data-end=\"252\"><strong data-start=\"53\" data-end=\"100\">Representaci\u00f3n Exclusiva: 100% a Tu Lado<\/strong><br data-start=\"100\" data-end=\"103\" \/>A diferencia de los agentes inmobiliarios tradicionales que trabajan para el vendedor, yo solo te represento a ti, el comprador. No vendo propiedades, encuentro TU propiedad ideal. <em data-start=\"230\" data-end=\"236\">your<\/em> ideal property.<\/p><p data-start=\"254\" data-end=\"435\"><strong data-start=\"254\" data-end=\"278\">Tus Intereses Primero<\/strong><br data-start=\"278\" data-end=\"281\" \/>Cada decisi\u00f3n y estrategia est\u00e1 alineada \u00fanicamente con tus intereses. No hay conflictos de inter\u00e9s ni presiones para cerrar tratos que no te beneficien.<\/p><p data-start=\"437\" data-end=\"782\"><strong data-start=\"437\" data-end=\"469\">Un Servicio Totalmente Personalizado<\/strong><br data-start=\"469\" data-end=\"472\" \/>No hay dos compradores iguales, por eso mi servicio se adapta completamente a tus necesidades. Ya sea que busques una inversi\u00f3n rentable, una segunda residencia en la playa o la casa perfecta para tu familia, act\u00fao como tus ojos y tu representante en M\u00e1laga, ocup\u00e1ndome de todo para que disfrutes del proceso.<\/p>\t\t\t\t\t\t\t\t<\/div>\n\t\t\t\t<\/div>\n\t\t\t\t<\/div>\n\t\t\t\t\t<\/div>\n\t\t\t\t<\/div>\n\t\t<div class=\"elementor-element elementor-element-5a8613a e-flex e-con-boxed e-con e-parent\" data-id=\"5a8613a\" data-element_type=\"container\" data-e-type=\"container\" data-settings=\"{&quot;background_background&quot;:&quot;classic&quot;}\">\n\t\t\t\t\t<div class=\"e-con-inner\">\n\t\t<div class=\"elementor-element elementor-element-4021f3d e-con-full e-flex e-con e-child\" data-id=\"4021f3d\" data-element_type=\"container\" data-e-type=\"container\">\n\t\t\t\t<div class=\"elementor-element elementor-element-165c7c1 elementor-widget elementor-widget-heading\" data-id=\"165c7c1\" data-element_type=\"widget\" data-e-type=\"widget\" data-widget_type=\"heading.default\">\n\t\t\t\t<div class=\"elementor-widget-container\">\n\t\t\t\t\t<h3 class=\"elementor-heading-title elementor-size-default\">\u00bfPor qu\u00e9 deber\u00edas contar conmigo?<\/h3>\t\t\t\t<\/div>\n\t\t\t\t<\/div>\n\t\t\t\t<\/div>\n\t\t<div class=\"elementor-element elementor-element-08339c5 e-con-full e-flex e-con e-child\" data-id=\"08339c5\" data-element_type=\"container\" data-e-type=\"container\">\n\t\t\t\t<div class=\"elementor-element elementor-element-8173db7 elementor-widget elementor-widget-text-editor\" data-id=\"8173db7\" data-element_type=\"widget\" data-e-type=\"widget\" data-widget_type=\"text-editor.default\">\n\t\t\t\t<div class=\"elementor-widget-container\">\n\t\t\t\t\t\t\t\t\t<p data-start=\"53\" data-end=\"315\"><strong data-start=\"53\" data-end=\"103\">Soy tu aliado para encontrar la propiedad perfecta.<\/strong><br data-start=\"103\" data-end=\"106\" \/>Imagina tener a alguien que conoce el mercado inmobiliario, habla tu idioma y entiende tus necesidades.<br data-start=\"212\" data-end=\"215\" \/>No solo te ahorro tiempo y estr\u00e9s; te ofrezco una experiencia completamente personalizada.<br data-start=\"293\" data-end=\"296\" \/><strong data-start=\"296\" data-end=\"311\">\u00bfEl resultado?<\/strong> Encuentras la propiedad de tus sue\u00f1os sin complicaciones en un pa\u00eds que quiz\u00e1s todav\u00eda est\u00e9s conociendo.<br data-start=\"418\" data-end=\"421\" \/>\u00a1D\u00e9jame encargarme de todo el trabajo pesado mientras t\u00fa te concentras en tu nueva vida!<\/p><p data-start=\"53\" data-end=\"315\"><strong data-start=\"53\" data-end=\"114\">Estoy aqu\u00ed para hacer que el proceso sea f\u00e1cil, r\u00e1pido y sin estr\u00e9s.<\/strong><br data-start=\"114\" data-end=\"117\" \/>Ya sea que ya est\u00e9s en el pa\u00eds o a\u00fan est\u00e9s planificando tu mudanza, \u00a1me encargar\u00e9 de todo!<br data-start=\"213\" data-end=\"216\" \/>Tu sue\u00f1o de tener una propiedad en M\u00e1laga est\u00e1 m\u00e1s cerca de lo que crees.<\/p><p data-start=\"53\" data-end=\"172\"><strong data-start=\"53\" data-end=\"172\">En un mercado inmobiliario extranjero, tomar la decisi\u00f3n correcta puede parecer abrumador. Pero no te preocupes, estoy aqu\u00ed para ayudarte.<\/strong><\/p><p data-start=\"174\" data-end=\"359\">No se trata solo de encontrar una propiedad, sino de encontrar la mejor opci\u00f3n para ti.<br data-start=\"258\" data-end=\"261\" \/>Conmigo, tendr\u00e1s toda la informaci\u00f3n que necesitas para tomar una decisi\u00f3n segura, inteligente y con confianza.<\/p><p data-start=\"53\" data-end=\"315\">\u00a0<\/p>\t\t\t\t\t\t\t\t<\/div>\n\t\t\t\t<\/div>\n\t\t\t\t<\/div>\n\t\t\t\t\t<\/div>\n\t\t\t\t<\/div>\n\t\t\t\t<\/div>","protected":false},"excerpt":{"rendered":"<p>Why a property personal shopper? Benefits of Hiring a Property Personal Shopper Time-SavingFor international buyers, traveling to M\u00e1laga to search for properties can be complicated and expensive. I take care of the search, filtering, and verification process, making sure you only consider properties that truly meet your expectations. Access to Exclusive PropertiesSome of the best [&hellip;]<\/p>\n","protected":false},"author":1,"featured_media":0,"parent":0,"menu_order":0,"comment_status":"closed","ping_status":"closed","template":"elementor_theme","meta":{"site-sidebar-layout":"default","site-content-layout":"page-builder","ast-site-content-layout":"full-width-container","site-content-style":"unboxed","site-sidebar-style":"unboxed","ast-global-header-display":"","ast-banner-title-visibility":"","ast-main-header-display":"","ast-hfb-above-header-display":"","ast-hfb-below-header-display":"","ast-hfb-mobile-header-display":"","site-post-title":"disabled","ast-breadcrumbs-content":"","ast-featured-img":"disabled","footer-sml-layout":"","theme-transparent-header-meta":"enabled","adv-header-id-meta":"","stick-header-meta":"","header-above-stick-meta":"","header-main-stick-meta":"","header-below-stick-meta":"","astra-migrate-meta-layouts":"set","ast-page-background-enabled":"default","ast-page-background-meta":{"desktop":{"background-color":"","background-image":"","background-repeat":"repeat","background-position":"center center","background-size":"auto","background-attachment":"scroll","background-type":"","background-media":"","overlay-type":"","overlay-color":"","overlay-opacity":"","overlay-gradient":""},"tablet":{"background-color":"","background-image":"","background-repeat":"repeat","background-position":"center center","background-size":"auto","background-attachment":"scroll","background-type":"","background-media":"","overlay-type":"","overlay-color":"","overlay-opacity":"","overlay-gradient":""},"mobile":{"background-color":"","background-image":"","background-repeat":"repeat","background-position":"center center","background-size":"auto","background-attachment":"scroll","background-type":"","background-media":"","overlay-type":"","overlay-color":"","overlay-opacity":"","overlay-gradient":""}},"ast-content-background-meta":{"desktop":{"background-color":"var(--ast-global-color-5)","background-image":"","background-repeat":"repeat","background-position":"center center","background-size":"auto","background-attachment":"scroll","background-type":"","background-media":"","overlay-type":"","overlay-color":"","overlay-opacity":"","overlay-gradient":""},"tablet":{"background-color":"var(--ast-global-color-5)","background-image":"","background-repeat":"repeat","background-position":"center center","background-size":"auto","background-attachment":"scroll","background-type":"","background-media":"","overlay-type":"","overlay-color":"","overlay-opacity":"","overlay-gradient":""},"mobile":{"background-color":"var(--ast-global-color-5)","background-image":"","background-repeat":"repeat","background-position":"center center","background-size":"auto","background-attachment":"scroll","background-type":"","background-media":"","overlay-type":"","overlay-color":"","overlay-opacity":"","overlay-gradient":""}},"footnotes":""},"class_list":["post-1598","page","type-page","status-publish","hentry"],"_links":{"self":[{"href":"https:\/\/cometomalaga.com\/es\/wp-json\/wp\/v2\/pages\/1598","targetHints":{"allow":["GET"]}}],"collection":[{"href":"https:\/\/cometomalaga.com\/es\/wp-json\/wp\/v2\/pages"}],"about":[{"href":"https:\/\/cometomalaga.com\/es\/wp-json\/wp\/v2\/types\/page"}],"author":[{"embeddable":true,"href":"https:\/\/cometomalaga.com\/es\/wp-json\/wp\/v2\/users\/1"}],"replies":[{"embeddable":true,"href":"https:\/\/cometomalaga.com\/es\/wp-json\/wp\/v2\/comments?post=1598"}],"version-history":[{"count":22,"href":"https:\/\/cometomalaga.com\/es\/wp-json\/wp\/v2\/pages\/1598\/revisions"}],"predecessor-version":[{"id":1625,"href":"https:\/\/cometomalaga.com\/es\/wp-json\/wp\/v2\/pages\/1598\/revisions\/1625"}],"wp:attachment":[{"href":"https:\/\/cometomalaga.com\/es\/wp-json\/wp\/v2\/media?parent=1598"}],"curies":[{"name":"wp","href":"https:\/\/api.w.org\/{rel}","templated":true}]}}